{"id":532,"date":"2022-11-23T13:04:35","date_gmt":"2022-11-23T11:04:35","guid":{"rendered":"https:\/\/www.barnaquatre.com\/administrador-comunitats-propietaris\/"},"modified":"2023-01-10T20:19:23","modified_gmt":"2023-01-10T18:19:23","slug":"administrador-comunidades-propietarios","status":"publish","type":"page","link":"https:\/\/www.barnaquatre.com\/es\/administrador-comunidades-propietarios\/","title":{"rendered":"Administraci\u00f3n de comunidades"},"content":{"rendered":"\n<p><\/p>\n\n\n<section id=\"section-23-104\" class=\" ct-section section-py-0\" ><div class=\"ct-section-inner-wrap\"><div id=\"div_block-24-104\" class=\"ct-div-block w-full h-full pt-28 pb-16\" ><h1 id=\"headline-25-104\" class=\"ct-headline color-white font-medium letter-spacing titol-pagina\"><span id=\"span-26-104\" class=\"ct-span\" >Administraci\u00f3n de comunidades<\/span><\/h1><\/div><\/div><\/section>\n\n<section id=\"section-2-76\" class=\" ct-section section-pb-0 grid\" ><div class=\"ct-section-inner-wrap\"><div id=\"div_block-3-76\" class=\"ct-div-block w-full items-center grid gap-8 md-grid-cols-1 grid-cols-2\" ><div id=\"div_block-5-76\" class=\"ct-div-block md-vertical md-centered\" ><h2 id=\"headline-6-76\" class=\"ct-headline mb-2 font-semibold mb-4 text-4xl\">M\u00e1s de 25 a\u00f1os de experiencia nos avalan\n<\/h2><div id=\"_rich_text-11-76\" class=\"oxy-rich-text mb-4 text-base\" ><p>Sabemos que la convivencia comunitaria puede ser complicada y por eso la gesti&oacute;n de esta no puede ser menos que excelente.<\/p>\n<p>Gestionamos tu finca ya sea de cero o encarg&aacute;ndonos del traspaso de administraciones y nos centramos en:<\/p>\n<p>&nbsp;<\/p>\n<ul>\n<li>Informarte de todo personalmente, con transparencia y honestidad<\/li>\n<li>Resolver incidencias de forma inmediata<\/li>\n<li>Gestionar las mejoras y el mantenimiento de tu edificio<\/li>\n<li>Ofrecer un servicio integral en gesti&oacute;n administrativa, contable y t&eacute;cnica<\/li>\n<li>Facilitar las cuentas de la Comunidad de forma clara y detallada, globalmente para la Comunidad e individualmente para cada copropietario<\/li>\n<\/ul>\n<p>&nbsp;<\/p><\/div><a id=\"link_text-8-76\" class=\"ct-link-text btn-m btn-primary\" href=\"https:\/\/www.barnaquatre.com\/es\/contacto\/\" target=\"_self\"  >Contactar<\/a><\/div><div id=\"div_block-13-76\" class=\"ct-div-block md-order-first h-full\" ><img decoding=\"async\"  id=\"image-4-76\" alt=\"\" src=\"https:\/\/www.barnaquatre.com\/wp-content\/uploads\/2022\/11\/home_bg.jpg\" class=\"ct-image rounded w-full h-full object-cover md-order-first\"\/><\/div><\/div><\/div><\/section>\n\n<section id=\"section-3-130\" class=\" ct-section section-pb-0\" ><div class=\"ct-section-inner-wrap\"><div id=\"div_block-4-130\" class=\"ct-div-block mx-auto\" ><p id=\"text_block-5-130\" class=\"ct-text-block mx-auto color-primary font-semibold letter-spacing\" >Para tu tranquilidad<br><\/p><h2 id=\"headline-7-130\" class=\"ct-headline color-paragraph font-semibold mb-12 text-4xl\">Nos encargamos de todo\n<\/h2><\/div><div id=\"div_block-9-130\" class=\"ct-div-block mx-auto\" ><div id=\"div_block-10-130\" class=\"ct-div-block mb-8\" ><div id=\"fancy_icon-62-130\" class=\"ct-fancy-icon mr-4\" ><svg id=\"svg-fancy_icon-62-130\"><use xlink:href=\"#BanaquatreIconsicon-ic_approve\"><\/use><\/svg><\/div><div id=\"div_block-14-130\" class=\"ct-div-block\" ><h3 id=\"headline-54-130\" class=\"ct-headline text-2xl w-full font-semibold border mb-4\">Gesti\u00f3n administrativa<\/h3><div id=\"_rich_text-38-130\" class=\"oxy-rich-text font-normal\" ><p><span style=\"white-space: pre-wrap;\"><strong>Somos administradores colegiados<\/strong> que ponemos ante todo el trato personal hacia la Comunidad para resolver cualquier duda o problema. <\/span><\/p>\n<p><span style=\"white-space: pre-wrap;\">Trabajamos poniendo a disposici&oacute;n salas de reuniones para Juntas o desplaz&aacute;ndonos a tu edificio. <\/span><\/p>\n<p><span style=\"white-space: pre-wrap;\">Nos encargamos de confeccionar y enviar convocatorias para reuniones ordinarias, asistir a las asambleas y redactar las actas de las Juntas con su respectivo env&iacute;o. <\/span><\/p>\n<p><span style=\"white-space: pre-wrap;\">&nbsp;<\/span><\/p><\/div><\/div><\/div><div id=\"div_block-19-130\" class=\"ct-div-block mb-8 w-full\" ><div id=\"fancy_icon-64-130\" class=\"ct-fancy-icon mr-4\" ><svg id=\"svg-fancy_icon-64-130\"><use xlink:href=\"#BanaquatreIconsicon-ic_invoice\"><\/use><\/svg><\/div><div id=\"div_block-21-130\" class=\"ct-div-block w-full\" ><h3 id=\"headline-57-130\" class=\"ct-headline text-2xl w-full font-semibold border mb-4\">Gesti\u00f3n contable<\/h3><div id=\"_rich_text-44-130\" class=\"oxy-rich-text w-full font-normal\" ><p><strong>Las cuentas de tu comunidad siempre al d&iacute;a y accesibles,<\/strong> este es el objetivo de nuestra gesti&oacute;n contable.<\/p>\n<p>Nos encargamos principalmente de<\/p>\n<ul>\n<li>Cerrar las cuentas anuales&nbsp;<\/li>\n<li>Entregar la liquidaci&oacute;n y estado de cuentas detalladas<\/li>\n<li>Emitir recibos y pago de facturas<\/li>\n<li>Controlar y reclamar cuotas comunitarias<\/li>\n<\/ul>\n<p>&nbsp;<\/p>\n<p>&nbsp;<\/p><\/div><\/div><\/div><div id=\"div_block-24-130\" class=\"ct-div-block\" ><div id=\"fancy_icon-69-130\" class=\"ct-fancy-icon mr-4\" ><svg id=\"svg-fancy_icon-69-130\"><use xlink:href=\"#BanaquatreIconsicon-ic_gestio\"><\/use><\/svg><\/div><div id=\"div_block-26-130\" class=\"ct-div-block\" ><h3 id=\"headline-59-130\" class=\"ct-headline text-2xl w-full font-semibold border mb-4\">Gesti\u00f3n t\u00e9cnica<\/h3><div id=\"_rich_text-48-130\" class=\"oxy-rich-text font-normal\" ><p><strong>Tu tranquilidad y seguridad nos importa,<\/strong> por eso el seguimiento del mantenimiento de tu edificio es uno de los pilares de nuestra gesti&oacute;n comunitaria.<\/p>\n<p>Trabajamos conjuntamente con compa&ntilde;&iacute;as aseguradoras y profesionales para la gesti&oacute;n y seguimiento de siniestros, asistencias, obras o reparaciones urgentes de tu finca.<\/p>\n<p>Gracias a nuestro departamento legal, te asesoramos jur&iacute;dicamente y aseguramos la conformidad con las normativas vigentes<\/p>\n<p>&nbsp;<\/p><\/div><\/div><\/div><\/div><\/div><\/section>\n\n<section id=\"section-2-124\" class=\" ct-section bg section-pb-0\" ><div class=\"ct-section-inner-wrap\"><div id=\"div_block-3-124\" class=\"ct-div-block mx-auto mb-12\" ><p id=\"text_block-31-124\" class=\"ct-text-block mx-auto color-primary font-semibold letter-spacing\" >METODOLOG\u00edA<\/p><h2 id=\"headline-6-124\" class=\"ct-headline color-paragraph text-4xl\"> \u00bfC\u00f3mo trabajamos?<\/h2><\/div><div id=\"div_block-8-124\" class=\"ct-div-block mx-auto grid grid-cols-4 w-full md-grid-cols-1 row-gap-8 items-stretch\" ><div id=\"div_block-9-124\" class=\"ct-div-block border-r px-2 grid md-gap-8 border-color-alt sm-border-none w-full\" ><div id=\"text_block-13-124\" class=\"ct-text-block font-semibold mx-auto color-primary text-2xl\" >01<\/div><div id=\"text_block-15-124\" class=\"ct-text-block text-center font-normal w-full\" >Solicitamos la informaci\u00f3n relativa a los servicios que tiene la comunidad\ny al n\u00famero de entidades que la componen<\/div><\/div><div id=\"div_block-10-124\" class=\"ct-div-block border-r px-2 md-gap-8 border-color-alt sm-border-none w-full\" ><div id=\"text_block-19-124\" class=\"ct-text-block font-semibold mx-auto color-primary text-2xl\" >02<\/div><div id=\"text_block-21-124\" class=\"ct-text-block text-center font-normal w-full\" >Nos reunimos presencialmente con el presidente de la comunidad o\nsolicitante del presupuesto<\/div><\/div><div id=\"div_block-11-124\" class=\"ct-div-block border-r px-2 border-color-alt sm-border-none w-full\" ><div id=\"text_block-23-124\" class=\"ct-text-block font-semibold mx-auto color-primary text-2xl\" >03<\/div><div id=\"text_block-25-124\" class=\"ct-text-block text-center font-normal w-full\" >Presentaci\u00f3n del presupuesto y, una vez aceptado, formalizaci\u00f3n del\nencargo <\/div><\/div><div id=\"div_block-12-124\" class=\"ct-div-block px-2 w-full\" ><div id=\"text_block-27-124\" class=\"ct-text-block font-semibold mx-auto color-primary text-2xl\" >04<\/div><div id=\"text_block-29-124\" class=\"ct-text-block text-center font-normal w-full\" >Gestionamos todo el traspaso con el anterior administrador de la finca<\/div><\/div><\/div><\/div><\/section>\n\n<section id=\"section-3-106\" class=\" ct-section bg section-pb-0 grid\" ><div class=\"ct-section-inner-wrap\"><div id=\"div_block-4-106\" class=\"ct-div-block mx-auto grid-cols-2 grid w-full lg-grid-cols-1\" ><div id=\"div_block-5-106\" class=\"ct-div-block bg-primary py-16 px-12 h-full\" ><h2 id=\"headline-7-106\" class=\"ct-headline text-lg color-light text-3xl mb-10\">\u00bfQuieres mejorar la gesti\u00f3n de tu comunidad a partir de hoy?\n<br><\/h2><div id=\"text_block-9-106\" class=\"ct-text-block icon-xl-light mb-12 w-2by3 text-sm font-normal\" >Olv\u00eddate de problemas innecesarios y de las gestiones entre vecinos, morosidades o mejoras con sobrecostes.\n<br><\/div><a id=\"link_button-11-106\" class=\"ct-link-button btn-white color-primary btn-s border-none\" href=\"https:\/\/www.barnaquatre.com\/es\/contacto\/\" target=\"_self\"  >Cont\u00e1ctanos<\/a><\/div><div id=\"div_block-6-106\" class=\"ct-div-block lg-order-first h-full\" ><img decoding=\"async\"  id=\"image-20-106\" alt=\"\" src=\"https:\/\/www.barnaquatre.com\/wp-content\/uploads\/2022\/12\/barnaquatre_inmobiliaria_3.jpg\" class=\"ct-image w-full h-full\"\/><\/div><\/div><\/div><\/section>\n\n<section class=\" ct-section bg section-pb-0\">\r\n    <div class=\"ct-section-inner-wrap block\">\r\n                    <p class=\"mx-auto color-primary font-semibold letter-spacing text-center\">LO QUE DICEN NUESTROS CLIENTES<\/p>\r\n                            <h2 class=\"mx-auto mb-12 font-semibold text-4xl text-center\">\u00bfQu\u00e9 opinan de nosotros?<\/h2>\r\n                <div class=\"grid grid-cols-2 gap-8 md-grid-cols-1\">\r\n                                                <div class=\"flex flex-col p-8 bg-white rounded-md\">\r\n                    <span class=\"text-9xl color-primary lh-05\">\"<\/span>\r\n                                            <p>Mi hija alquil\u00f3 un piso con Barnaquatre y la agencia, tanto en el momento del alquiler como durante la estancia y tambi\u00e9n al dejar el piso, fueron muy profesionales y honrados. Me causaron muy buena impresi\u00f3n, por lo que les di la gesti\u00f3n de buscar inquilinos para otro piso de mi propiedad. Lo han hecho muy bien durante unos 5 a\u00f1os. Luego quise vender ese piso. Les encargu\u00e9 que buscasen comprador y tambi\u00e9n se han portado perfectamente y han estado pendientes de que todos los tr\u00e1mites se hayan realizado sin problemas. Ayer escrituramos la compra venta y ha sido muy c\u00f3modo.<\/p>\n                                        \r\n                                        <\/div>\r\n                                    <div class=\"flex flex-col p-8 bg-white rounded-md\">\r\n                    <span class=\"text-9xl color-primary lh-05\">\"<\/span>\r\n                                            <p>He puesto la venta de mi piso en sus manos y solo puedo decir cosas buenas , profesionales , amables competentes\u2026 Si tengo alg\u00fan asunto inmobiliario no dudar\u00e9 en volver a trabajar con ellos , seguir as\u00ed.<\/p>\n                                        \r\n                                        <\/div>\r\n                                    <div class=\"flex flex-col p-8 bg-white rounded-md\">\r\n                    <span class=\"text-9xl color-primary lh-05\">\"<\/span>\r\n                                            <p>Muy contento con la atenci\u00f3n, el trato y el procedimiento. Gran trabajo, muy cercano y profesional para todos los detalles en la visita del inmueble y en las gestiones burocr\u00e1ticas.<\/p>\n                                        \r\n                                        <\/div>\r\n                                    <div class=\"flex flex-col p-8 bg-white rounded-md\">\r\n                    <span class=\"text-9xl color-primary lh-05\">\"<\/span>\r\n                                            <p>Excelentes profesionales de la gesti\u00f3n inmobiliaria prueba de ello es que gestionan todo mi patrimonio desde hace m\u00e1s de 20 a\u00f1os<\/p>\n                                        \r\n                                        <\/div>\r\n                                    <\/div>\r\n    <\/div>\r\n<\/section>\n\n\n<section id=\"section-5-108\" class=\" ct-section bg\" ><div class=\"ct-section-inner-wrap\"><h2 id=\"headline-6-108\" class=\"ct-headline mx-auto color-paragraph font-semibold mb-12 text-4xl\">Contacta con nosotros<\/h2><div id=\"div_block-9-108\" class=\"ct-div-block mx-auto grid mb-12 w-5by6 lg-grid-cols-1 grid-cols-2\" ><div id=\"div_block-42-108\" class=\"ct-div-block lg-mb-10\" ><a id=\"div_block-11-108\" class=\"ct-link w-full\" href=\"mailto:\" target=\"_self\"  ><div id=\"fancy_icon-21-294\" class=\"ct-fancy-icon mr-2 icon-lg-primary\" ><svg id=\"svg-fancy_icon-21-294\"><use xlink:href=\"#BanaquatreIconsicon-ic_envelope\"><\/use><\/svg><\/div><div id=\"text_block-15-108\" class=\"ct-text-block font-bold color-black\" ><span id=\"span-8-294\" class=\"ct-span\" ><\/span><\/div><\/a><\/div><div id=\"div_block-43-108\" class=\"ct-div-block mx-auto lg-l-0 lg-mb-10 w-full\" ><a id=\"div_block-12-108\" class=\"ct-link w-full\" href=\"tel:\" target=\"_self\"  ><div id=\"fancy_icon-30-294\" class=\"ct-fancy-icon mr-2 icon-lg-primary\" ><svg id=\"svg-fancy_icon-30-294\"><use xlink:href=\"#BanaquatreIconsicon-ic-itelefono-inteligente-1\"><\/use><\/svg><\/div><div id=\"text_block-21-108\" class=\"ct-text-block font-bold color-black\" ><span id=\"span-13-294\" class=\"ct-span\" ><\/span><\/div><\/a><\/div><\/div><div id=\"shortcode-32-294\" class=\"ct-shortcode w-5by6 mx-auto border-none\" ><div class='fluentform ff-default fluentform_wrapper_8 ffs_custom_wrap'><form data-form_id=\"8\" id=\"fluentform_8\" class=\"frm-fluent-form fluent_form_8 ff-el-form-top ff_form_instance_8_1 ff-form-loading ffs_custom\" data-form_instance=\"ff_form_instance_8_1\" method=\"POST\" ><fieldset  style=\"border: none!important;margin: 0!important;padding: 0!important;background-color: transparent!important;box-shadow: none!important;outline: none!important; min-inline-size: 100%;\">\n                    <legend class=\"ff_screen_reader_title\" style=\"display: block; margin: 0!important;padding: 0!important;height: 0!important;text-indent: -999999px;width: 0!important;overflow:hidden;\">Contacta con nosotros - ES (#8)<\/legend>        <div\n                style=\"display: none!important; position: absolute!important; transform: translateX(1000%)!important;\"\n                class=\"ff-el-group ff-hpsf-container\"\n        >\n            <div class=\"ff-el-input--label asterisk-right\">\n                <label for=\"ff_8_item_sf\" aria-label=\"Updates\">\n                    Updates                <\/label>\n            <\/div>\n            <div class=\"ff-el-input--content\">\n                <input type=\"text\"\n                       name=\"item_8__fluent_sf\"\n                       class=\"ff-el-form-control\"\n                       id=\"ff_8_item_sf\"\n                \/>\n            <\/div>\n        <\/div>\n        <input type='hidden' name='__fluent_form_embded_post_id' value='532' \/><input type=\"hidden\" id=\"_fluentform_8_fluentformnonce\" name=\"_fluentform_8_fluentformnonce\" value=\"c05def9dee\" \/><input type=\"hidden\" name=\"_wp_http_referer\" value=\"\/es\/wp-json\/wp\/v2\/pages\/532\" \/><div data-name=\"ff_cn_id_1\"  class='ff-t-container ff-column-container ff_columns_total_2 '><div class='ff-t-cell ff-t-column-1' style='flex-basis: 50%;'><div data-type=\"name-element\" data-name=\"names\" class=\" ff-field_container ff-name-field-wrapper\" ><div class='ff-t-container'><div class='ff-t-cell '><div class='ff-el-group  ff-el-form-top'><div class=\"ff-el-input--label ff-el-is-required asterisk-right\"><label for='ff_8_names_first_name_' id='label_ff_8_names_first_name_' >Nombre<\/label><\/div><div class='ff-el-input--content'><input type=\"text\" name=\"names[first_name]\" id=\"ff_8_names_first_name_\" class=\"ff-el-form-control\" placeholder=\"Joan\" aria-invalid=\"false\" aria-required=true><\/div><\/div><\/div><\/div><\/div><\/div><div class='ff-t-cell ff-t-column-2' style='flex-basis: 50%;'><div class='ff-el-group'><div class=\"ff-el-input--label ff-el-is-required asterisk-right\"><label for='ff_8_email_1' id='label_ff_8_email_1' aria-label=\"Correo Electr\u00f3nico\">Correo Electr\u00f3nico<\/label><\/div><div class='ff-el-input--content'><input type=\"email\" name=\"email_1\" id=\"ff_8_email_1\" class=\"ff-el-form-control\" placeholder=\"Joan@gmail.com\" data-name=\"email_1\"  aria-invalid=\"false\" aria-required=true><\/div><\/div><\/div><\/div><div data-name=\"ff_cn_id_2\"  class='ff-t-container ff-column-container ff_columns_total_2 '><div class='ff-t-cell ff-t-column-1' style='flex-basis: 50%;'><div class='ff-el-group'><div class=\"ff-el-input--label asterisk-right\"><label for='ff_8_phone' id='label_ff_8_phone' aria-label=\"Tel\u00e9fono\">Tel\u00e9fono<\/label><\/div><div class='ff-el-input--content'><input name=\"phone\" class=\"ff-el-form-control ff-el-phone\" type=\"tel\" placeholder=\"666359999\" data-name=\"phone\" id=\"ff_8_phone\" inputmode=\"tel\"  aria-invalid='false' aria-required=false><\/div><\/div><\/div><div class='ff-t-cell ff-t-column-2' style='flex-basis: 50%;'><div class='ff-el-group'><div class=\"ff-el-input--label asterisk-right\"><label for='ff_8_input_text' id='label_ff_8_input_text' aria-label=\"Poblaci\u00f3n\">Poblaci\u00f3n<\/label><\/div><div class='ff-el-input--content'><input type=\"text\" name=\"input_text\" class=\"ff-el-form-control\" placeholder=\"Ex: Barcelona\" data-name=\"input_text\" id=\"ff_8_input_text\"  aria-invalid=\"false\" aria-required=false><\/div><\/div><\/div><\/div><div class='ff-el-group'><div class=\"ff-el-input--label ff-el-is-required asterisk-right\"><label for='ff_8_description' id='label_ff_8_description' aria-label=\"Mensaje\">Mensaje<\/label><\/div><div class='ff-el-input--content'><textarea aria-required=\"true\" aria-labelledby=\"label_ff_8_description\" name=\"description\" id=\"ff_8_description\" class=\"ff-el-form-control font-text\" placeholder=\"Tu consulta\" rows=\"3\" cols=\"2\" data-name=\"description\" ><\/textarea><\/div><\/div><div class='ff-el-group  ff-custom_html' tabindex='-1' data-name=\"custom_html-8_1\" ><p style=\"color:black\">BARNAQUATRE GESTIO DE FINQUES S.L. como responsable del tratamiento tratar\u00e1 tus datos con la finalidad de dar respuesta a tuconsulta o petici\u00f3n. Puedes acceder, rectificar y suprimir tus datos, as\u00ed como ejercer otros derechos consultando la informaci\u00f3nadicional y detallada sobre protecci\u00f3n de datos en nuestra <a href=\"https:\/\/www.barnaquatre.com\/es\/politica-de-privacidad\/\" target=\"_blank\" rel=\"noopener\">pol\u00edtica de privacidad<\/a><\/p><\/div><div class='ff-el-group    ff-el-input--content'><div class='ff-el-form-check ff-el-tc'><label aria-label='T\u00e9rminos y condiciones: He le\u00eddo y acepto las condiciones contenidas en la pol\u00edtica de privacidad sobre el tratamiento de mis datos para gestionar miconsulta o petici\u00f3n Contiene 1 enlace. Usa la navegaci\u00f3n por pesta\u00f1as para rese\u00f1ar.' class='ff-el-form-check-label ff_tc_label' for=gdpr-agreement_6de9cddcd768ef972d3dc24c88887099><span class='ff_tc_checkbox'><input type=\"checkbox\" name=\"gdpr-agreement\" class=\"ff-el-form-check-input ff_gdpr_field\" data-name=\"gdpr-agreement\" id=\"gdpr-agreement_6de9cddcd768ef972d3dc24c88887099\"  value='on' aria-invalid='false' aria-required=true><\/span> <div class='ff_t_c'>He le\u00eddo y acepto las condiciones contenidas en la <a href=\"https:\/\/www.barnaquatre.com\/es\/politica-de-privacidad\/\" target=\"_blank\">pol\u00edtica de privacidad<\/a> sobre el tratamiento de mis datos para gestionar miconsulta o petici\u00f3n<\/div><\/label><\/div><\/div><div class='ff-el-group'><div class=\"ff-el-input--label asterisk-right\"><label   aria-label=\"Nos gustar\u00eda que nos prestaras tu consentimiento para:\">Nos gustar\u00eda que nos prestaras tu consentimiento para:<\/label><\/div><div class='ff-el-input--content'><div class='ff-el-form-check ff-el-form-check-'><label class='ff-el-form-check-label' for='checkbox_b17e6ad118f84f4047f117d50b62d33d'><input  type=\"checkbox\" name=\"checkbox[]\" data-name=\"checkbox\" class=\"ff-el-form-check-input ff-el-form-check-checkbox\" value=\"Enviarte informaci\u00f3n comercial sobre los productos, servicios, novedades de BARNAQUATRE GESTIO DE FINQUES S.L.\"  id='checkbox_b17e6ad118f84f4047f117d50b62d33d' aria-label='Enviarte informaci\u00f3n comercial sobre los productos, servicios, novedades de BARNAQUATRE GESTIO DE FINQUES S.L.' aria-invalid='false' aria-required=false> <span>Enviarte informaci\u00f3n comercial sobre los productos, servicios, novedades de BARNAQUATRE GESTIO DE FINQUES S.L.<\/span><\/label><\/div><\/div><\/div><div class='ff-el-group ff-text-left ff_submit_btn_wrapper ff_submit_btn_wrapper_custom'><button class=\"ff-btn ff-btn-submit ff-btn-md  w-full btn-primary btn-s color-white border-none ff_btn_no_style\" type=\"submit\" name=\"custom_submit_button-8_2\" data-name=\"custom_submit_button-8_2\"  aria-label=\"Enviar\">Enviar<\/button><\/div><\/fieldset><\/form><div id='fluentform_8_errors' class='ff-errors-in-stack ff_form_instance_8_1 ff-form-loading_errors ff_form_instance_8_1_errors'><\/div><\/div>            <script type=\"text\/javascript\">\n                window.fluent_form_ff_form_instance_8_1 = {\"id\":\"8\",\"ajaxUrl\":\"https:\\\/\\\/www.barnaquatre.com\\\/wp-admin\\\/admin-ajax.php\",\"settings\":{\"layout\":{\"labelPlacement\":\"top\",\"helpMessagePlacement\":\"with_label\",\"errorMessagePlacement\":\"inline\",\"cssClassName\":\"\",\"asteriskPlacement\":\"asterisk-right\"},\"restrictions\":{\"denyEmptySubmission\":{\"enabled\":false}}},\"form_instance\":\"ff_form_instance_8_1\",\"form_id_selector\":\"fluentform_8\",\"rules\":{\"names[first_name]\":{\"required\":{\"value\":true,\"message\":\"Este campo es obligatorio\"}},\"names[middle_name]\":{\"required\":{\"value\":false,\"message\":\"This field is required\"}},\"names[last_name]\":{\"required\":{\"value\":false,\"message\":\"This field is required\"}},\"email_1\":{\"required\":{\"value\":true,\"message\":\"Este campo es obligatorio\"},\"email\":{\"value\":true,\"message\":\"Este campo debe contener un correo electr\\u00f3nico v\\u00e1lido\"}},\"phone\":{\"required\":{\"value\":false,\"message\":\"This field is required\"},\"valid_phone_number\":{\"value\":false,\"message\":\"Phone number is not valid\"}},\"input_text\":{\"required\":{\"value\":false,\"message\":\"This field is required\"}},\"description\":{\"required\":{\"value\":true,\"message\":\"Este campo es obligatorio\"}},\"gdpr-agreement\":{\"required\":{\"value\":true,\"message\":\"This field is required\"}},\"checkbox\":{\"required\":{\"value\":false,\"message\":\"This field is required\"}}},\"debounce_time\":300};\n                            <\/script>\n            <\/div><\/div><\/section>\n\n<section id=\"section-10-145\" class=\" ct-section section-pb-0\" ><div class=\"ct-section-inner-wrap\"><div id=\"div_block-12-145\" class=\"ct-div-block\" ><img decoding=\"async\"  id=\"image-13-145\" alt=\"\" src=\"https:\/\/www.barnaquatre.com\/wp-content\/uploads\/2022\/12\/Mask.png\" class=\"ct-image\"\/><div id=\"div_block-14-145\" class=\"ct-div-block bg-primary py-6 w-full rounded-lg\" ><div id=\"text_block-20-145\" class=\"ct-text-block font-semibold color-light text-3xl\" >Una gesti\u00f3n excelente empieza por siempre escuchar lo que necesitas&nbsp;<br><\/div><\/div><\/div><\/div><\/section>\n\n\n<div style=\"height:100px\" aria-hidden=\"true\" class=\"wp-block-spacer\"><\/div>\n\n\n\n<p><\/p>\n","protected":false},"excerpt":{"rendered":"","protected":false},"author":1,"featured_media":465,"parent":0,"menu_order":0,"comment_status":"closed","ping_status":"closed","template":"","meta":{"_acf_changed":false,"footnotes":""},"class_list":["post-532","page","type-page","status-publish","has-post-thumbnail","hentry"],"acf":[],"_links":{"self":[{"href":"https:\/\/www.barnaquatre.com\/es\/wp-json\/wp\/v2\/pages\/532","targetHints":{"allow":["GET"]}}],"collection":[{"href":"https:\/\/www.barnaquatre.com\/es\/wp-json\/wp\/v2\/pages"}],"about":[{"href":"https:\/\/www.barnaquatre.com\/es\/wp-json\/wp\/v2\/types\/page"}],"author":[{"embeddable":true,"href":"https:\/\/www.barnaquatre.com\/es\/wp-json\/wp\/v2\/users\/1"}],"replies":[{"embeddable":true,"href":"https:\/\/www.barnaquatre.com\/es\/wp-json\/wp\/v2\/comments?post=532"}],"version-history":[{"count":0,"href":"https:\/\/www.barnaquatre.com\/es\/wp-json\/wp\/v2\/pages\/532\/revisions"}],"wp:featuredmedia":[{"embeddable":true,"href":"https:\/\/www.barnaquatre.com\/es\/wp-json\/wp\/v2\/media\/465"}],"wp:attachment":[{"href":"https:\/\/www.barnaquatre.com\/es\/wp-json\/wp\/v2\/media?parent=532"}],"curies":[{"name":"wp","href":"https:\/\/api.w.org\/{rel}","templated":true}]}}