{"id":547,"date":"2022-11-17T12:38:18","date_gmt":"2022-11-17T10:38:18","guid":{"rendered":"https:\/\/www.barnaquatre.com\/contacte\/"},"modified":"2022-12-14T10:46:56","modified_gmt":"2022-12-14T08:46:56","slug":"contacto","status":"publish","type":"page","link":"https:\/\/www.barnaquatre.com\/es\/contacto\/","title":{"rendered":"Cont\u00e1ctanos"},"content":{"rendered":"<section id=\"section-23-104\" class=\" ct-section section-py-0\" ><div class=\"ct-section-inner-wrap\"><div id=\"div_block-24-104\" class=\"ct-div-block w-full h-full pt-28 pb-16\" ><h1 id=\"headline-25-104\" class=\"ct-headline color-white font-medium letter-spacing titol-pagina\"><span id=\"span-26-104\" class=\"ct-span\" >Cont\u00e1ctanos<\/span><\/h1><\/div><\/div><\/section>\n\n<section id=\"section-6-1983\" class=\" ct-section\" ><div class=\"ct-section-inner-wrap\"><div id=\"new_columns-7-1983\" class=\"ct-new-columns\" ><div id=\"div_block-8-1983\" class=\"ct-div-block\" ><a id=\"link-10-1983\" class=\"ct-link \" href=\"mailto:info@barnaquatre.com\"    role=\"button\"><div id=\"fancy_icon-11-1983\" class=\"ct-fancy-icon oxel_icon_button_icon\" ><svg id=\"svg-fancy_icon-11-1983\"><use xlink:href=\"#BanaquatreIconsicon-ic_envelope\"><\/use><\/svg><\/div><div id=\"text_block-12-1983\" class=\"ct-text-block text-2xl font-semibold\" >info@barnaquatre.com<br><\/div><\/a><\/div><div id=\"div_block-9-1983\" class=\"ct-div-block\" ><a id=\"link-13-1983\" class=\"ct-link \" href=\"tel:+34934883300\"    role=\"button\"><div id=\"fancy_icon-14-1983\" class=\"ct-fancy-icon oxel_icon_button_icon\" ><svg id=\"svg-fancy_icon-14-1983\"><use xlink:href=\"#BanaquatreIconsicon-ic-itelefono-inteligente-1\"><\/use><\/svg><\/div><div id=\"text_block-15-1983\" class=\"ct-text-block text-2xl font-semibold\" >93 488 33 00<br><\/div><\/a><\/div><\/div><\/div><\/section>\n\n<section id=\"section-13-262\" class=\" ct-section bg\" ><div class=\"ct-section-inner-wrap\"><div id=\"div_block-14-262\" class=\"ct-div-block w-full grid grid-cols-2 md-grid-cols-1 items-stretch\" ><img decoding=\"async\"  id=\"image-15-262\" alt=\"\" src=\"https:\/\/www.barnaquatre.com\/wp-content\/uploads\/2023\/01\/Barnaquatre_287.jpg\" class=\"ct-image w-full h-full object-cover\"\/><div id=\"div_block-16-262\" class=\"ct-div-block py-12 bg\" ><div id=\"div_block-17-262\" class=\"ct-div-block text-left max-w-1by2-page p-page md-max-w-full w-full mx-auto\" ><p id=\"text_block-21-262\" class=\"ct-text-block color-primary font-semibold mb-2 letter-spacing\" >Escr\u00edbenos<\/p><h2 id=\"headline-18-262\" class=\"ct-headline mb-2 h4 font-semibold mb-10 text-4xl\">Te responderemos a cualquier duda<\/h2><div id=\"shortcode-25-262\" class=\"ct-shortcode w-full\" ><div class='fluentform ff-default fluentform_wrapper_8 ffs_custom_wrap'><form data-form_id=\"8\" id=\"fluentform_8\" class=\"frm-fluent-form fluent_form_8 ff-el-form-top ff_form_instance_8_1 ff-form-loading ffs_custom\" data-form_instance=\"ff_form_instance_8_1\" method=\"POST\" ><fieldset  style=\"border: none!important;margin: 0!important;padding: 0!important;background-color: transparent!important;box-shadow: none!important;outline: none!important; min-inline-size: 100%;\">\n                    <legend class=\"ff_screen_reader_title\" style=\"display: block; margin: 0!important;padding: 0!important;height: 0!important;text-indent: -999999px;width: 0!important;overflow:hidden;\">Contacta con nosotros - ES (#8)<\/legend>        <div\n                style=\"display: none!important; position: absolute!important; transform: translateX(1000%)!important;\"\n                class=\"ff-el-group ff-hpsf-container\"\n        >\n            <div class=\"ff-el-input--label asterisk-right\">\n                <label for=\"ff_8_item_sf\" aria-label=\"Newsletter\">\n                    Newsletter                <\/label>\n            <\/div>\n            <div class=\"ff-el-input--content\">\n                <input type=\"text\"\n                       name=\"item_8__fluent_sf\"\n                       class=\"ff-el-form-control\"\n                       id=\"ff_8_item_sf\"\n                \/>\n            <\/div>\n        <\/div>\n        <input type='hidden' name='__fluent_form_embded_post_id' value='547' \/><input type=\"hidden\" id=\"_fluentform_8_fluentformnonce\" name=\"_fluentform_8_fluentformnonce\" value=\"cef9d9dfb6\" \/><input type=\"hidden\" name=\"_wp_http_referer\" value=\"\/es\/wp-json\/wp\/v2\/pages\/547\" \/><div data-name=\"ff_cn_id_1\"  class='ff-t-container ff-column-container ff_columns_total_2 '><div class='ff-t-cell ff-t-column-1' style='flex-basis: 50%;'><div data-type=\"name-element\" data-name=\"names\" class=\" ff-field_container ff-name-field-wrapper\" ><div class='ff-t-container'><div class='ff-t-cell '><div class='ff-el-group  ff-el-form-top'><div class=\"ff-el-input--label ff-el-is-required asterisk-right\"><label for='ff_8_names_first_name_' id='label_ff_8_names_first_name_' >Nombre<\/label><\/div><div class='ff-el-input--content'><input type=\"text\" name=\"names[first_name]\" id=\"ff_8_names_first_name_\" class=\"ff-el-form-control\" placeholder=\"Joan\" aria-invalid=\"false\" aria-required=true><\/div><\/div><\/div><\/div><\/div><\/div><div class='ff-t-cell ff-t-column-2' style='flex-basis: 50%;'><div class='ff-el-group'><div class=\"ff-el-input--label ff-el-is-required asterisk-right\"><label for='ff_8_email_1' id='label_ff_8_email_1' aria-label=\"Correo Electr\u00f3nico\">Correo Electr\u00f3nico<\/label><\/div><div class='ff-el-input--content'><input type=\"email\" name=\"email_1\" id=\"ff_8_email_1\" class=\"ff-el-form-control\" placeholder=\"Joan@gmail.com\" data-name=\"email_1\"  aria-invalid=\"false\" aria-required=true><\/div><\/div><\/div><\/div><div data-name=\"ff_cn_id_2\"  class='ff-t-container ff-column-container ff_columns_total_2 '><div class='ff-t-cell ff-t-column-1' style='flex-basis: 50%;'><div class='ff-el-group'><div class=\"ff-el-input--label asterisk-right\"><label for='ff_8_phone' id='label_ff_8_phone' aria-label=\"Tel\u00e9fono\">Tel\u00e9fono<\/label><\/div><div class='ff-el-input--content'><input name=\"phone\" class=\"ff-el-form-control ff-el-phone\" type=\"tel\" placeholder=\"666359999\" data-name=\"phone\" id=\"ff_8_phone\" inputmode=\"tel\"  aria-invalid='false' aria-required=false><\/div><\/div><\/div><div class='ff-t-cell ff-t-column-2' style='flex-basis: 50%;'><div class='ff-el-group'><div class=\"ff-el-input--label asterisk-right\"><label for='ff_8_input_text' id='label_ff_8_input_text' aria-label=\"Poblaci\u00f3n\">Poblaci\u00f3n<\/label><\/div><div class='ff-el-input--content'><input type=\"text\" name=\"input_text\" class=\"ff-el-form-control\" placeholder=\"Ex: Barcelona\" data-name=\"input_text\" id=\"ff_8_input_text\"  aria-invalid=\"false\" aria-required=false><\/div><\/div><\/div><\/div><div class='ff-el-group'><div class=\"ff-el-input--label ff-el-is-required asterisk-right\"><label for='ff_8_description' id='label_ff_8_description' aria-label=\"Mensaje\">Mensaje<\/label><\/div><div class='ff-el-input--content'><textarea aria-required=\"true\" aria-labelledby=\"label_ff_8_description\" name=\"description\" id=\"ff_8_description\" class=\"ff-el-form-control font-text\" placeholder=\"Tu consulta\" rows=\"3\" cols=\"2\" data-name=\"description\" ><\/textarea><\/div><\/div><div class='ff-el-group  ff-custom_html' tabindex='-1' data-name=\"custom_html-8_1\" ><p style=\"color:black\">BARNAQUATRE GESTIO DE FINQUES S.L. como responsable del tratamiento tratar\u00e1 tus datos con la finalidad de dar respuesta a tuconsulta o petici\u00f3n. Puedes acceder, rectificar y suprimir tus datos, as\u00ed como ejercer otros derechos consultando la informaci\u00f3nadicional y detallada sobre protecci\u00f3n de datos en nuestra <a href=\"https:\/\/www.barnaquatre.com\/es\/politica-de-privacidad\/\" target=\"_blank\" rel=\"noopener\">pol\u00edtica de privacidad<\/a><\/p><\/div><div class='ff-el-group    ff-el-input--content'><div class='ff-el-form-check ff-el-tc'><label aria-label='T\u00e9rminos y condiciones: He le\u00eddo y acepto las condiciones contenidas en la pol\u00edtica de privacidad sobre el tratamiento de mis datos para gestionar miconsulta o petici\u00f3n Contiene 1 enlace. Usa la navegaci\u00f3n por pesta\u00f1as para rese\u00f1ar.' class='ff-el-form-check-label ff_tc_label' for=gdpr-agreement_ecf6c4aeba09162aebcab3c602924759><span class='ff_tc_checkbox'><input type=\"checkbox\" name=\"gdpr-agreement\" class=\"ff-el-form-check-input ff_gdpr_field\" data-name=\"gdpr-agreement\" id=\"gdpr-agreement_ecf6c4aeba09162aebcab3c602924759\"  value='on' aria-invalid='false' aria-required=true><\/span> <div class='ff_t_c'>He le\u00eddo y acepto las condiciones contenidas en la <a href=\"https:\/\/www.barnaquatre.com\/es\/politica-de-privacidad\/\" target=\"_blank\">pol\u00edtica de privacidad<\/a> sobre el tratamiento de mis datos para gestionar miconsulta o petici\u00f3n<\/div><\/label><\/div><\/div><div class='ff-el-group'><div class=\"ff-el-input--label asterisk-right\"><label   aria-label=\"Nos gustar\u00eda que nos prestaras tu consentimiento para:\">Nos gustar\u00eda que nos prestaras tu consentimiento para:<\/label><\/div><div class='ff-el-input--content'><div class='ff-el-form-check ff-el-form-check-'><label class='ff-el-form-check-label' for='checkbox_1c0988d294f3229a16cc39352bd65992'><input  type=\"checkbox\" name=\"checkbox[]\" data-name=\"checkbox\" class=\"ff-el-form-check-input ff-el-form-check-checkbox\" value=\"Enviarte informaci\u00f3n comercial sobre los productos, servicios, novedades de BARNAQUATRE GESTIO DE FINQUES S.L.\"  id='checkbox_1c0988d294f3229a16cc39352bd65992' aria-label='Enviarte informaci\u00f3n comercial sobre los productos, servicios, novedades de BARNAQUATRE GESTIO DE FINQUES S.L.' aria-invalid='false' aria-required=false> <span>Enviarte informaci\u00f3n comercial sobre los productos, servicios, novedades de BARNAQUATRE GESTIO DE FINQUES S.L.<\/span><\/label><\/div><\/div><\/div><div class='ff-el-group ff-text-left ff_submit_btn_wrapper ff_submit_btn_wrapper_custom'><button class=\"ff-btn ff-btn-submit ff-btn-md  w-full btn-primary btn-s color-white border-none ff_btn_no_style\" type=\"submit\" name=\"custom_submit_button-8_2\" data-name=\"custom_submit_button-8_2\"  aria-label=\"Enviar\">Enviar<\/button><\/div><\/fieldset><\/form><div id='fluentform_8_errors' class='ff-errors-in-stack ff_form_instance_8_1 ff-form-loading_errors ff_form_instance_8_1_errors'><\/div><\/div>            <script type=\"text\/javascript\">\n                window.fluent_form_ff_form_instance_8_1 = {\"id\":\"8\",\"ajaxUrl\":\"https:\\\/\\\/www.barnaquatre.com\\\/wp-admin\\\/admin-ajax.php\",\"settings\":{\"layout\":{\"labelPlacement\":\"top\",\"helpMessagePlacement\":\"with_label\",\"errorMessagePlacement\":\"inline\",\"cssClassName\":\"\",\"asteriskPlacement\":\"asterisk-right\"},\"restrictions\":{\"denyEmptySubmission\":{\"enabled\":false}}},\"form_instance\":\"ff_form_instance_8_1\",\"form_id_selector\":\"fluentform_8\",\"rules\":{\"names[first_name]\":{\"required\":{\"value\":true,\"message\":\"Este campo es obligatorio\"}},\"names[middle_name]\":{\"required\":{\"value\":false,\"message\":\"This field is required\"}},\"names[last_name]\":{\"required\":{\"value\":false,\"message\":\"This field is required\"}},\"email_1\":{\"required\":{\"value\":true,\"message\":\"Este campo es obligatorio\"},\"email\":{\"value\":true,\"message\":\"Este campo debe contener un correo electr\\u00f3nico v\\u00e1lido\"}},\"phone\":{\"required\":{\"value\":false,\"message\":\"This field is required\"},\"valid_phone_number\":{\"value\":false,\"message\":\"Phone number is not valid\"}},\"input_text\":{\"required\":{\"value\":false,\"message\":\"This field is required\"}},\"description\":{\"required\":{\"value\":true,\"message\":\"Este campo es obligatorio\"}},\"gdpr-agreement\":{\"required\":{\"value\":true,\"message\":\"This field is required\"}},\"checkbox\":{\"required\":{\"value\":false,\"message\":\"This field is required\"}}},\"debounce_time\":300};\n                            <\/script>\n            <\/div><\/div><\/div><\/div><\/div><\/section>\n\n<section id=\"section-3-268\" class=\" ct-section bg section-pb-0\" ><div class=\"ct-section-inner-wrap\"><div id=\"text_block-4-268\" class=\"ct-text-block color-primary font-semibold mx-auto mb-2 letter-spacing\" >Vis\u00edtanos<\/div><h2 id=\"headline-5-268\" class=\"ct-headline mx-auto text-center mb-28 text-4xl\">Nuestras oficinas<\/h2><div id=\"_dynamic_list-6-268\" class=\"oxy-dynamic-list grid grid-cols-2 row-gap-8 lg-grid-cols-1\"><div id=\"div_block-7-268-1\" class=\"ct-div-block px-6 oficines\" data-id=\"div_block-7-268\"><img decoding=\"async\" id=\"image-12-268-1\" alt=\"\" src=\"https:\/\/www.barnaquatre.com\/wp-content\/uploads\/2022\/12\/pau-claris.jpg\" class=\"ct-image w-full h-auto object-cover\" data-id=\"image-12-268\"><h3 id=\"headline-17-268-1\" class=\"ct-headline text-2xl mb-8\" data-id=\"headline-17-268\"><span id=\"span-22-268\" class=\"ct-span\" >Passeig de Gr\u00e0cia<\/span><\/h3><a id=\"link-26-268-1\" class=\"ct-link horizontal mb-5\" href=\"https:\/\/maps.google.com\/?q=Pg%20de%20Gr\u00e0cia,%2025,%203\u00aa%20planta%2008007,%20Barcelona\" target=\"_blank\" data-id=\"link-26-268\"><div id=\"fancy_icon-130-268-1\" class=\"ct-fancy-icon icon-lg-primary mr-2\" data-id=\"fancy_icon-130-268\"><svg id=\"svg-fancy_icon-130-268-1\" data-id=\"svg-fancy_icon-130-268\"><use xlink:href=\"#BanaquatreIconsicon-ic_pois\"><\/use><\/svg><\/div><div id=\"text_block-34-268-1\" class=\"ct-text-block color-paragraph text-left\" data-id=\"text_block-34-268\"><span id=\"span-38-268\" class=\"ct-span\" >Pg de Gr\u00e0cia, 25, 3\u00aa planta 08007, Barcelona<\/span><\/div><\/a><div id=\"div_block-56-268-1\" class=\"ct-div-block horizontal mb-3 mb-5\" data-id=\"div_block-56-268\"><div id=\"fancy_icon-184-268-1\" class=\"ct-fancy-icon icon-lg-light mr-2\" data-id=\"fancy_icon-184-268\"><svg id=\"svg-fancy_icon-184-268-1\" data-id=\"svg-fancy_icon-184-268\"><use xlink:href=\"#BanaquatreIconsicon-clock-1\"><\/use><\/svg><\/div><div id=\"text_block-64-268-1\" class=\"ct-text-block remove-margin-p\" data-id=\"text_block-64-268\"><span id=\"span-68-268\" class=\"ct-span\" ><p>De 9:30 a 13:30 y de 16:30 a 19:00 (lunes a viernes) y de 9:30 a 13:30 (viernes)<\/p>\n<\/span><\/div><\/div><a id=\"link-42-268-1\" class=\"ct-link horizontal mb-3 mb-5\" href=\"tel:93%20488%2033%2000\" target=\"_blank\" data-id=\"link-42-268\"><div id=\"fancy_icon-141-268-1\" class=\"ct-fancy-icon icon-lg-primary mr-2\" data-id=\"fancy_icon-141-268\"><svg id=\"svg-fancy_icon-141-268-1\" data-id=\"svg-fancy_icon-141-268\"><use xlink:href=\"#BanaquatreIconsicon-ic_phone\"><\/use><\/svg><\/div><div id=\"text_block-44-268-1\" class=\"ct-text-block color-paragraph\" data-id=\"text_block-44-268\"><span id=\"span-45-268\" class=\"ct-span\" >93 488 33 00<\/span><\/div><\/a><div id=\"div_block-72-268-1\" class=\"ct-div-block horizontal\" data-id=\"div_block-72-268\"><div id=\"fancy_icon-188-268-1\" class=\"ct-fancy-icon icon-lg-light mr-2\" data-id=\"fancy_icon-188-268\"><svg id=\"svg-fancy_icon-188-268-1\" data-id=\"svg-fancy_icon-188-268\"><use xlink:href=\"#BanaquatreIconsicon-ic_printer\"><\/use><\/svg><\/div><div id=\"text_block-74-268-1\" class=\"ct-text-block remove-margin-p\" data-id=\"text_block-74-268\"><span id=\"span-75-268\" class=\"ct-span\" >93 487 38 77<\/span><\/div><\/div><\/div><div id=\"div_block-7-268-2\" class=\"ct-div-block px-6 oficines\" data-id=\"div_block-7-268\"><img decoding=\"async\" id=\"image-12-268-2\" alt=\"\" src=\"https:\/\/www.barnaquatre.com\/wp-content\/uploads\/2022\/11\/Balmes.jpg\" class=\"ct-image w-full h-auto object-cover\" data-id=\"image-12-268\"><h3 id=\"headline-17-268-2\" class=\"ct-headline text-2xl mb-8\" data-id=\"headline-17-268\"><span id=\"span-22-268\" class=\"ct-span\" >Balmes<\/span><\/h3><a id=\"link-26-268-2\" class=\"ct-link horizontal mb-5\" href=\"https:\/\/maps.google.com\/?q=C\/%20Balmes,%20456,%20Tda.%20dreta%2008022,%20Barcelona\" target=\"_blank\" data-id=\"link-26-268\"><div id=\"fancy_icon-130-268-2\" class=\"ct-fancy-icon icon-lg-primary mr-2\" data-id=\"fancy_icon-130-268\"><svg id=\"svg-fancy_icon-130-268-2\" data-id=\"svg-fancy_icon-130-268\"><use xlink:href=\"#BanaquatreIconsicon-ic_pois\"><\/use><\/svg><\/div><div id=\"text_block-34-268-2\" class=\"ct-text-block color-paragraph text-left\" data-id=\"text_block-34-268\"><span id=\"span-38-268\" class=\"ct-span\" >C\/ Balmes, 456, Tda. dreta 08022, Barcelona<\/span><\/div><\/a><div id=\"div_block-56-268-2\" class=\"ct-div-block horizontal mb-3 mb-5\" data-id=\"div_block-56-268\"><div id=\"fancy_icon-184-268-2\" class=\"ct-fancy-icon icon-lg-light mr-2\" data-id=\"fancy_icon-184-268\"><svg id=\"svg-fancy_icon-184-268-2\" data-id=\"svg-fancy_icon-184-268\"><use xlink:href=\"#BanaquatreIconsicon-clock-1\"><\/use><\/svg><\/div><div id=\"text_block-64-268-2\" class=\"ct-text-block remove-margin-p\" data-id=\"text_block-64-268\"><span id=\"span-68-268\" class=\"ct-span\" ><p>De 10:00 a 13:30 y de 16:30 a 19:00 (lunes a viernes) y de 10:00 a 13:30 (viernes)<\/p>\n<\/span><\/div><\/div><a id=\"link-42-268-2\" class=\"ct-link horizontal mb-3 mb-5\" href=\"tel:93%20488%2033%2000\" target=\"_blank\" data-id=\"link-42-268\"><div id=\"fancy_icon-141-268-2\" class=\"ct-fancy-icon icon-lg-primary mr-2\" data-id=\"fancy_icon-141-268\"><svg id=\"svg-fancy_icon-141-268-2\" data-id=\"svg-fancy_icon-141-268\"><use xlink:href=\"#BanaquatreIconsicon-ic_phone\"><\/use><\/svg><\/div><div id=\"text_block-44-268-2\" class=\"ct-text-block color-paragraph\" data-id=\"text_block-44-268\"><span id=\"span-45-268\" class=\"ct-span\" >93 488 33 00<\/span><\/div><\/a><div id=\"div_block-72-268-2\" class=\"ct-div-block horizontal\" data-id=\"div_block-72-268\"><div id=\"fancy_icon-188-268-2\" class=\"ct-fancy-icon icon-lg-light mr-2\" data-id=\"fancy_icon-188-268\"><svg id=\"svg-fancy_icon-188-268-2\" data-id=\"svg-fancy_icon-188-268\"><use xlink:href=\"#BanaquatreIconsicon-ic_printer\"><\/use><\/svg><\/div><div id=\"text_block-74-268-2\" class=\"ct-text-block remove-margin-p\" data-id=\"text_block-74-268\"><span id=\"span-75-268\" class=\"ct-span\" >93 487 38 77<\/span><\/div><\/div><\/div><\/div>\n<div id=\"code_block-87-268\" class=\"ct-code-block\" ><\/div><\/div><\/section>\n\n<section id=\"section-2-273\" class=\" ct-section section-pb-0 bg\" ><div class=\"ct-section-inner-wrap\"><div id=\"code_block-6-273\" class=\"ct-code-block w-full\" ><script src=\"https:\/\/maps.googleapis.com\/maps\/api\/js?key=AIzaSyC3fxuMhDKmB9s5IKg2BITLoC5PRPDKtGs\"><\/script>\n\n    <div class=\"acf-map\" data-zoom=\"16\">\n                     <div class=\"marker\" data-lat=\"41.3904791\" data-lng=\"2.1662635\">\n            <\/div>\n                 <div class=\"marker\" data-lat=\"41.409386\" data-lng=\"2.1374703\">\n            <\/div>\n        <\/div>\n\n<\/div><\/div><\/section>","protected":false},"excerpt":{"rendered":"","protected":false},"author":2,"featured_media":1408,"parent":0,"menu_order":0,"comment_status":"closed","ping_status":"closed","template":"","meta":{"_acf_changed":false,"footnotes":""},"class_list":["post-547","page","type-page","status-publish","has-post-thumbnail","hentry"],"acf":[],"_links":{"self":[{"href":"https:\/\/www.barnaquatre.com\/es\/wp-json\/wp\/v2\/pages\/547","targetHints":{"allow":["GET"]}}],"collection":[{"href":"https:\/\/www.barnaquatre.com\/es\/wp-json\/wp\/v2\/pages"}],"about":[{"href":"https:\/\/www.barnaquatre.com\/es\/wp-json\/wp\/v2\/types\/page"}],"author":[{"embeddable":true,"href":"https:\/\/www.barnaquatre.com\/es\/wp-json\/wp\/v2\/users\/2"}],"replies":[{"embeddable":true,"href":"https:\/\/www.barnaquatre.com\/es\/wp-json\/wp\/v2\/comments?post=547"}],"version-history":[{"count":0,"href":"https:\/\/www.barnaquatre.com\/es\/wp-json\/wp\/v2\/pages\/547\/revisions"}],"wp:featuredmedia":[{"embeddable":true,"href":"https:\/\/www.barnaquatre.com\/es\/wp-json\/wp\/v2\/media\/1408"}],"wp:attachment":[{"href":"https:\/\/www.barnaquatre.com\/es\/wp-json\/wp\/v2\/media?parent=547"}],"curies":[{"name":"wp","href":"https:\/\/api.w.org\/{rel}","templated":true}]}}